{"id":358,"date":"2022-04-25T15:50:12","date_gmt":"2022-04-25T12:50:12","guid":{"rendered":"http:\/\/www.julmaolkky.fi\/photos\/"},"modified":"2025-05-22T13:18:53","modified_gmt":"2025-05-22T10:18:53","slug":"photos","status":"publish","type":"page","link":"https:\/\/www.julmaolkky.fi\/en\/photos\/","title":{"rendered":"Photos"},"content":{"rendered":"<h1>Photos of Julma \u00d6lkky<\/h1>\n<p><a href=\"https:\/\/www.luontoon.fi\/en\/destinations\/hossa-national-park\"><img decoding=\"async\" src=\"http:\/\/www.julmaolkky.fi\/wp-content\/uploads\/2022\/04\/Hossa_tunnus.png\" alt=\"Hossan National park\"><\/a><\/p>\n<ul>\n<li>\n<p>        <img decoding=\"async\" src=\"\/wp-content\/uploads\/2022\/04\/julma_lkky_20100825_1199770755.jpg\" alt=\"\"><\/p>\n<h3>julma_lkky_20100825_1199770755<\/h3>\n<\/li>\n<li>\n<p>        <img decoding=\"async\" src=\"\/wp-content\/uploads\/2022\/04\/julma_lkky_20100825_1268794030.jpg\" alt=\"\"><\/p>\n<h3>julma_lkky_20100825_1268794030<\/h3>\n<\/li>\n<li>\n<p>        <img decoding=\"async\" src=\"\/wp-content\/uploads\/2022\/04\/julma_lkky_20100825_1422243297.jpg\" alt=\"\"><\/p>\n<h3>julma_lkky_20100825_1422243297<\/h3>\n<\/li>\n<li>\n<p>        <img decoding=\"async\" src=\"\/wp-content\/uploads\/2022\/04\/julma_lkky_20100825_1642289831.jpg\" alt=\"\"><\/p>\n<h3>julma_lkky_20100825_1642289831<\/h3>\n<\/li>\n<li>\n<p>        <img decoding=\"async\" src=\"\/wp-content\/uploads\/2022\/04\/julma_lkky_20100825_1845935213.jpg\" alt=\"\"><\/p>\n<h3>julma_lkky_20100825_1845935213<\/h3>\n<\/li>\n<li>\n<p>        <img decoding=\"async\" src=\"\/wp-content\/uploads\/2022\/04\/julma_lkky_20100825_1972914272.jpg\" alt=\"\"><\/p>\n<h3>julma_lkky_20100825_1972914272<\/h3>\n<\/li>\n<li>\n<p>        <img decoding=\"async\" src=\"\/wp-content\/uploads\/2022\/04\/julma_lkky_20100825_2027231950.jpg\" alt=\"\"><\/p>\n<h3>julma_lkky_20100825_2027231950<\/h3>\n<\/li>\n<li>\n<p>        <img decoding=\"async\" src=\"\/wp-content\/uploads\/2022\/04\/julma_lkky_20100825_2068134122.jpg\" alt=\"\"><\/p>\n<h3>julma_lkky_20100825_2068134122<\/h3>\n<\/li>\n<li>\n<p>        <img decoding=\"async\" src=\"\/wp-content\/uploads\/2022\/04\/julma_lkky_20100825_2089896441.jpg\" alt=\"\"><\/p>\n<h3>julma_lkky_20100825_2089896441<\/h3>\n<\/li>\n<li>\n<p>        <img decoding=\"async\" src=\"\/wp-content\/uploads\/2022\/04\/JulmaOlkky_kuva-1.jpg\" alt=\"\"><\/p>\n<h3>JulmaOlkky_kuva (1)<\/h3>\n<\/li>\n<li>\n<p>        <img decoding=\"async\" src=\"\/wp-content\/uploads\/2022\/04\/JulmaOlkky_kuva-2.jpg\" alt=\"\"><\/p>\n<h3>JulmaOlkky_kuva (2)<\/h3>\n<\/li>\n<li>\n<p>        <img decoding=\"async\" src=\"\/wp-content\/uploads\/2022\/04\/JulmaOlkky_kuva-3.jpg\" alt=\"\"><\/p>\n<h3>JulmaOlkky_kuva (3)<\/h3>\n<\/li>\n<li>\n<p>        <img decoding=\"async\" src=\"\/wp-content\/uploads\/2022\/04\/JulmaOlkky_kuva-4.jpg\" alt=\"\"><\/p>\n<h3>JulmaOlkky_kuva (4)<\/h3>\n<\/li>\n<li>\n<p>        <img decoding=\"async\" src=\"\/wp-content\/uploads\/2022\/04\/JulmaOlkky_kuva-5.jpg\" alt=\"\"><\/p>\n<h3>JulmaOlkky_kuva (5)<\/h3>\n<\/li>\n<li>\n<p>        <img decoding=\"async\" src=\"\/wp-content\/uploads\/2022\/04\/JulmaOlkky_kuva-6.jpg\" alt=\"\"><\/p>\n<h3>JulmaOlkky_kuva (6)<\/h3>\n<\/li>\n<li>\n<p>        <img decoding=\"async\" src=\"\/wp-content\/uploads\/2022\/04\/JulmaOlkky_kuva-7.jpg\" alt=\"\"><\/p>\n<h3>JulmaOlkky_kuva (7)<\/h3>\n<\/li>\n<li>\n<p>        <img decoding=\"async\" src=\"\/wp-content\/uploads\/2022\/04\/JulmaOlkky_kuva-8.jpg\" alt=\"\"><\/p>\n<h3>JulmaOlkky_kuva (8)<\/h3>\n<\/li>\n<li>\n<p>        <img decoding=\"async\" src=\"\/wp-content\/uploads\/2022\/04\/JulmaOlkky_kuva-9.jpg\" alt=\"\"><\/p>\n<h3>JulmaOlkky_kuva (9)<\/h3>\n<\/li>\n<li>\n<p>        <img decoding=\"async\" src=\"\/wp-content\/uploads\/2022\/04\/JulmaOlkky_kuva-10.jpg\" alt=\"\"><\/p>\n<h3>JulmaOlkky_kuva (10)<\/h3>\n<\/li>\n<li>\n<p>        <img decoding=\"async\" src=\"\/wp-content\/uploads\/2022\/04\/JulmaOlkky_kuva-11.jpg\" alt=\"\"><\/p>\n<h3>JulmaOlkky_kuva (11)<\/h3>\n<\/li>\n<li>\n<p>        <img decoding=\"async\" src=\"\/wp-content\/uploads\/2022\/04\/JulmaOlkky_kuva-12.jpg\" alt=\"\"><\/p>\n<h3>JulmaOlkky_kuva (12)<\/h3>\n<\/li>\n<li>\n<p>        <img decoding=\"async\" src=\"\/wp-content\/uploads\/2022\/04\/JulmaOlkky_kuva-13.jpg\" alt=\"\"><\/p>\n<h3>JulmaOlkky_kuva (13)<\/h3>\n<\/li>\n<li>\n<p>        <img decoding=\"async\" src=\"\/wp-content\/uploads\/2022\/04\/JulmaOlkky_MG_4091-14.jpg\" alt=\"\"><\/p>\n<h3>JulmaOlkky_MG_4091 (14)<\/h3>\n<\/li>\n<\/ul>\n<p><!--more--><br \/>\n<!-- {\"type\":\"layout\",\"children\":[{\"type\":\"section\",\"props\":{\"image_position\":\"center-center\",\"style\":\"default\",\"title_breakpoint\":\"xl\",\"title_position\":\"top-left\",\"title_rotation\":\"left\",\"vertical_align\":\"\",\"width\":\"default\"},\"children\":[{\"type\":\"row\",\"children\":[{\"type\":\"column\",\"props\":{\"image_position\":\"center-center\",\"position_sticky_breakpoint\":\"m\",\"vertical_align\":\"middle\",\"width_medium\":\"2-3\"},\"children\":[{\"type\":\"headline\",\"props\":{\"content\":\"Photos of Julma \\u00d6lkky\",\"title_element\":\"h1\"}}]},{\"type\":\"column\",\"props\":{\"image_position\":\"center-center\",\"position_sticky_breakpoint\":\"m\",\"vertical_align\":\"middle\",\"width_medium\":\"1-3\"},\"children\":[{\"type\":\"image\",\"props\":{\"image\":\"http:\\\/\\\/www.julmaolkky.fi\\\/wp-content\\\/uploads\\\/2022\\\/04\\\/Hossa_tunnus.png\",\"image_alt\":\"Hossan National park\",\"image_svg_color\":\"emphasis\",\"image_width\":\"150\",\"link\":\"https:\\\/\\\/www.luontoon.fi\\\/en\\\/destinations\\\/hossa-national-park\",\"link_aria_label\":\"Hossan National park\",\"link_target\":\"blank\",\"margin\":\"default\",\"text_align\":\"center\"}}]}],\"props\":{\"layout\":\"2-3,1-3\"}},{\"type\":\"row\",\"children\":[{\"type\":\"column\",\"props\":{\"image_position\":\"center-center\",\"position_sticky_breakpoint\":\"m\"},\"children\":[{\"type\":\"gallery\",\"props\":{\"filter_align\":\"left\",\"filter_all\":true,\"filter_grid_breakpoint\":\"m\",\"filter_grid_width\":\"auto\",\"filter_position\":\"top\",\"filter_style\":\"tab\",\"grid_default\":\"1\",\"grid_medium\":\"4\",\"grid_small\":\"2\",\"image_height\":\"600\",\"image_transition\":\"scale-up\",\"image_width\":\"600\",\"item_animation\":true,\"lightbox\":true,\"lightbox_bg_close\":true,\"link_style\":\"default\",\"link_text\":\"\",\"margin\":\"default\",\"meta_align\":\"below-title\",\"meta_element\":\"div\",\"meta_style\":\"text-meta\",\"overlay_hover\":true,\"overlay_link\":true,\"overlay_mode\":\"cover\",\"overlay_position\":\"center\",\"overlay_style\":\"\",\"overlay_transition\":\"fade\",\"parallax_easing\":\"1\",\"show_content\":true,\"show_hover_image\":true,\"show_hover_video\":true,\"show_link\":true,\"show_meta\":true,\"show_title\":false,\"text_align\":\"center\",\"text_color\":\"light\",\"title_element\":\"h3\",\"title_hover_style\":\"reset\"},\"children\":[{\"type\":\"gallery_item\",\"props\":{\"image\":\"wp-content\\\/uploads\\\/2022\\\/04\\\/julma_lkky_20100825_1199770755.jpg\",\"title\":\"julma_lkky_20100825_1199770755\"}},{\"type\":\"gallery_item\",\"props\":{\"image\":\"wp-content\\\/uploads\\\/2022\\\/04\\\/julma_lkky_20100825_1268794030.jpg\",\"title\":\"julma_lkky_20100825_1268794030\"}},{\"type\":\"gallery_item\",\"props\":{\"image\":\"wp-content\\\/uploads\\\/2022\\\/04\\\/julma_lkky_20100825_1422243297.jpg\",\"title\":\"julma_lkky_20100825_1422243297\"}},{\"type\":\"gallery_item\",\"props\":{\"image\":\"wp-content\\\/uploads\\\/2022\\\/04\\\/julma_lkky_20100825_1642289831.jpg\",\"title\":\"julma_lkky_20100825_1642289831\"}},{\"type\":\"gallery_item\",\"props\":{\"image\":\"wp-content\\\/uploads\\\/2022\\\/04\\\/julma_lkky_20100825_1845935213.jpg\",\"title\":\"julma_lkky_20100825_1845935213\"}},{\"type\":\"gallery_item\",\"props\":{\"image\":\"wp-content\\\/uploads\\\/2022\\\/04\\\/julma_lkky_20100825_1972914272.jpg\",\"title\":\"julma_lkky_20100825_1972914272\"}},{\"type\":\"gallery_item\",\"props\":{\"image\":\"wp-content\\\/uploads\\\/2022\\\/04\\\/julma_lkky_20100825_2027231950.jpg\",\"title\":\"julma_lkky_20100825_2027231950\"}},{\"type\":\"gallery_item\",\"props\":{\"image\":\"wp-content\\\/uploads\\\/2022\\\/04\\\/julma_lkky_20100825_2068134122.jpg\",\"title\":\"julma_lkky_20100825_2068134122\"}},{\"type\":\"gallery_item\",\"props\":{\"image\":\"wp-content\\\/uploads\\\/2022\\\/04\\\/julma_lkky_20100825_2089896441.jpg\",\"title\":\"julma_lkky_20100825_2089896441\"}},{\"type\":\"gallery_item\",\"props\":{\"image\":\"wp-content\\\/uploads\\\/2022\\\/04\\\/JulmaOlkky_kuva-1.jpg\",\"title\":\"JulmaOlkky_kuva (1)\"}},{\"type\":\"gallery_item\",\"props\":{\"image\":\"wp-content\\\/uploads\\\/2022\\\/04\\\/JulmaOlkky_kuva-2.jpg\",\"title\":\"JulmaOlkky_kuva (2)\"}},{\"type\":\"gallery_item\",\"props\":{\"image\":\"wp-content\\\/uploads\\\/2022\\\/04\\\/JulmaOlkky_kuva-3.jpg\",\"title\":\"JulmaOlkky_kuva (3)\"}},{\"type\":\"gallery_item\",\"props\":{\"image\":\"wp-content\\\/uploads\\\/2022\\\/04\\\/JulmaOlkky_kuva-4.jpg\",\"title\":\"JulmaOlkky_kuva (4)\"}},{\"type\":\"gallery_item\",\"props\":{\"image\":\"wp-content\\\/uploads\\\/2022\\\/04\\\/JulmaOlkky_kuva-5.jpg\",\"title\":\"JulmaOlkky_kuva (5)\"}},{\"type\":\"gallery_item\",\"props\":{\"image\":\"wp-content\\\/uploads\\\/2022\\\/04\\\/JulmaOlkky_kuva-6.jpg\",\"title\":\"JulmaOlkky_kuva (6)\"}},{\"type\":\"gallery_item\",\"props\":{\"image\":\"wp-content\\\/uploads\\\/2022\\\/04\\\/JulmaOlkky_kuva-7.jpg\",\"title\":\"JulmaOlkky_kuva (7)\"}},{\"type\":\"gallery_item\",\"props\":{\"image\":\"wp-content\\\/uploads\\\/2022\\\/04\\\/JulmaOlkky_kuva-8.jpg\",\"title\":\"JulmaOlkky_kuva (8)\"}},{\"type\":\"gallery_item\",\"props\":{\"image\":\"wp-content\\\/uploads\\\/2022\\\/04\\\/JulmaOlkky_kuva-9.jpg\",\"title\":\"JulmaOlkky_kuva (9)\"}},{\"type\":\"gallery_item\",\"props\":{\"image\":\"wp-content\\\/uploads\\\/2022\\\/04\\\/JulmaOlkky_kuva-10.jpg\",\"title\":\"JulmaOlkky_kuva (10)\"}},{\"type\":\"gallery_item\",\"props\":{\"image\":\"wp-content\\\/uploads\\\/2022\\\/04\\\/JulmaOlkky_kuva-11.jpg\",\"title\":\"JulmaOlkky_kuva (11)\"}},{\"type\":\"gallery_item\",\"props\":{\"image\":\"wp-content\\\/uploads\\\/2022\\\/04\\\/JulmaOlkky_kuva-12.jpg\",\"title\":\"JulmaOlkky_kuva (12)\"}},{\"type\":\"gallery_item\",\"props\":{\"image\":\"wp-content\\\/uploads\\\/2022\\\/04\\\/JulmaOlkky_kuva-13.jpg\",\"title\":\"JulmaOlkky_kuva (13)\"}},{\"type\":\"gallery_item\",\"props\":{\"image\":\"wp-content\\\/uploads\\\/2022\\\/04\\\/JulmaOlkky_MG_4091-14.jpg\",\"title\":\"JulmaOlkky_MG_4091 (14)\"}}]}]}]}]}],\"version\":\"4.5.17\"} --><\/p>\n","protected":false},"excerpt":{"rendered":"<p>Photos of Julma \u00d6lkky julma_lkky_20100825_1199770755 julma_lkky_20100825_1268794030 julma_lkky_20100825_1422243297 julma_lkky_20100825_1642289831 julma_lkky_20100825_1845935213 julma_lkky_20100825_1972914272 julma_lkky_20100825_2027231950 julma_lkky_20100825_2068134122 julma_lkky_20100825_2089896441 JulmaOlkky_kuva (1) JulmaOlkky_kuva (2) JulmaOlkky_kuva (3) JulmaOlkky_kuva (4) JulmaOlkky_kuva (5) JulmaOlkky_kuva (6) JulmaOlkky_kuva (7) JulmaOlkky_kuva (8) JulmaOlkky_kuva (9) JulmaOlkky_kuva (10) JulmaOlkky_kuva (11) JulmaOlkky_kuva (12) JulmaOlkky_kuva (13) JulmaOlkky_MG_4091 (14)<\/p>\n","protected":false},"author":1,"featured_media":0,"parent":0,"menu_order":0,"comment_status":"closed","ping_status":"closed","template":"","meta":{"footnotes":""},"class_list":["post-358","page","type-page","status-publish","hentry"],"yoast_head":"<!-- This site is optimized with the Yoast SEO plugin v27.3 - https:\/\/yoast.com\/product\/yoast-seo-wordpress\/ -->\n<title>Photos - Julma \u00d6lkky - Suomen suurin kanjonij\u00e4rvi<\/title>\n<meta name=\"robots\" content=\"index, follow, max-snippet:-1, max-image-preview:large, max-video-preview:-1\" \/>\n<link rel=\"canonical\" href=\"https:\/\/www.julmaolkky.fi\/en\/photos\/\" \/>\n<meta property=\"og:locale\" content=\"en_US\" \/>\n<meta property=\"og:type\" content=\"article\" \/>\n<meta property=\"og:title\" content=\"Photos - Julma \u00d6lkky - Suomen suurin kanjonij\u00e4rvi\" \/>\n<meta property=\"og:description\" content=\"Photos of Julma \u00d6lkky julma_lkky_20100825_1199770755 julma_lkky_20100825_1268794030 julma_lkky_20100825_1422243297 julma_lkky_20100825_1642289831 julma_lkky_20100825_1845935213 julma_lkky_20100825_1972914272 julma_lkky_20100825_2027231950 julma_lkky_20100825_2068134122 julma_lkky_20100825_2089896441 JulmaOlkky_kuva (1) JulmaOlkky_kuva (2) JulmaOlkky_kuva (3) JulmaOlkky_kuva (4) JulmaOlkky_kuva (5) JulmaOlkky_kuva (6) JulmaOlkky_kuva (7) JulmaOlkky_kuva (8) JulmaOlkky_kuva (9) JulmaOlkky_kuva (10) JulmaOlkky_kuva (11) JulmaOlkky_kuva (12) JulmaOlkky_kuva (13) JulmaOlkky_MG_4091 (14)\" \/>\n<meta property=\"og:url\" content=\"https:\/\/www.julmaolkky.fi\/en\/photos\/\" \/>\n<meta property=\"og:site_name\" content=\"Julma \u00d6lkky - Suomen suurin kanjonij\u00e4rvi\" \/>\n<meta property=\"article:modified_time\" content=\"2025-05-22T10:18:53+00:00\" \/>\n<meta property=\"og:image\" content=\"http:\/\/www.julmaolkky.fi\/wp-content\/uploads\/2022\/04\/Hossa_tunnus.png\" \/>\n<meta name=\"twitter:card\" content=\"summary_large_image\" \/>\n<script type=\"application\/ld+json\" class=\"yoast-schema-graph\">{\"@context\":\"https:\\\/\\\/schema.org\",\"@graph\":[{\"@type\":\"WebPage\",\"@id\":\"https:\\\/\\\/www.julmaolkky.fi\\\/en\\\/photos\\\/\",\"url\":\"https:\\\/\\\/www.julmaolkky.fi\\\/en\\\/photos\\\/\",\"name\":\"Photos - Julma \u00d6lkky - Suomen suurin kanjonij\u00e4rvi\",\"isPartOf\":{\"@id\":\"https:\\\/\\\/www.julmaolkky.fi\\\/en\\\/#website\"},\"primaryImageOfPage\":{\"@id\":\"https:\\\/\\\/www.julmaolkky.fi\\\/en\\\/photos\\\/#primaryimage\"},\"image\":{\"@id\":\"https:\\\/\\\/www.julmaolkky.fi\\\/en\\\/photos\\\/#primaryimage\"},\"thumbnailUrl\":\"http:\\\/\\\/www.julmaolkky.fi\\\/wp-content\\\/uploads\\\/2022\\\/04\\\/Hossa_tunnus.png\",\"datePublished\":\"2022-04-25T12:50:12+00:00\",\"dateModified\":\"2025-05-22T10:18:53+00:00\",\"breadcrumb\":{\"@id\":\"https:\\\/\\\/www.julmaolkky.fi\\\/en\\\/photos\\\/#breadcrumb\"},\"inLanguage\":\"en-US\",\"potentialAction\":[{\"@type\":\"ReadAction\",\"target\":[\"https:\\\/\\\/www.julmaolkky.fi\\\/en\\\/photos\\\/\"]}]},{\"@type\":\"ImageObject\",\"inLanguage\":\"en-US\",\"@id\":\"https:\\\/\\\/www.julmaolkky.fi\\\/en\\\/photos\\\/#primaryimage\",\"url\":\"http:\\\/\\\/www.julmaolkky.fi\\\/wp-content\\\/uploads\\\/2022\\\/04\\\/Hossa_tunnus.png\",\"contentUrl\":\"http:\\\/\\\/www.julmaolkky.fi\\\/wp-content\\\/uploads\\\/2022\\\/04\\\/Hossa_tunnus.png\"},{\"@type\":\"BreadcrumbList\",\"@id\":\"https:\\\/\\\/www.julmaolkky.fi\\\/en\\\/photos\\\/#breadcrumb\",\"itemListElement\":[{\"@type\":\"ListItem\",\"position\":1,\"name\":\"Etusivu\",\"item\":\"https:\\\/\\\/www.julmaolkky.fi\\\/en\\\/\"},{\"@type\":\"ListItem\",\"position\":2,\"name\":\"Photos\"}]},{\"@type\":\"WebSite\",\"@id\":\"https:\\\/\\\/www.julmaolkky.fi\\\/en\\\/#website\",\"url\":\"https:\\\/\\\/www.julmaolkky.fi\\\/en\\\/\",\"name\":\"Julma \u00d6lkky - Suomen suurin kanjonij\u00e4rvi\",\"description\":\"Hossan Kansallispuistossa\",\"publisher\":{\"@id\":\"https:\\\/\\\/www.julmaolkky.fi\\\/en\\\/#organization\"},\"potentialAction\":[{\"@type\":\"SearchAction\",\"target\":{\"@type\":\"EntryPoint\",\"urlTemplate\":\"https:\\\/\\\/www.julmaolkky.fi\\\/en\\\/?s={search_term_string}\"},\"query-input\":{\"@type\":\"PropertyValueSpecification\",\"valueRequired\":true,\"valueName\":\"search_term_string\"}}],\"inLanguage\":\"en-US\"},{\"@type\":\"Organization\",\"@id\":\"https:\\\/\\\/www.julmaolkky.fi\\\/en\\\/#organization\",\"name\":\"Julma \u00d6lkky\",\"url\":\"https:\\\/\\\/www.julmaolkky.fi\\\/en\\\/\",\"logo\":{\"@type\":\"ImageObject\",\"inLanguage\":\"en-US\",\"@id\":\"https:\\\/\\\/www.julmaolkky.fi\\\/en\\\/#\\\/schema\\\/logo\\\/image\\\/\",\"url\":\"https:\\\/\\\/www.julmaolkky.fi\\\/wp-content\\\/uploads\\\/2025\\\/05\\\/julma_olkky_logo_some.jpg\",\"contentUrl\":\"https:\\\/\\\/www.julmaolkky.fi\\\/wp-content\\\/uploads\\\/2025\\\/05\\\/julma_olkky_logo_some.jpg\",\"width\":696,\"height\":696,\"caption\":\"Julma \u00d6lkky\"},\"image\":{\"@id\":\"https:\\\/\\\/www.julmaolkky.fi\\\/en\\\/#\\\/schema\\\/logo\\\/image\\\/\"}}]}<\/script>\n<!-- \/ Yoast SEO plugin. -->","yoast_head_json":{"title":"Photos - Julma \u00d6lkky - Suomen suurin kanjonij\u00e4rvi","robots":{"index":"index","follow":"follow","max-snippet":"max-snippet:-1","max-image-preview":"max-image-preview:large","max-video-preview":"max-video-preview:-1"},"canonical":"https:\/\/www.julmaolkky.fi\/en\/photos\/","og_locale":"en_US","og_type":"article","og_title":"Photos - Julma \u00d6lkky - Suomen suurin kanjonij\u00e4rvi","og_description":"Photos of Julma \u00d6lkky julma_lkky_20100825_1199770755 julma_lkky_20100825_1268794030 julma_lkky_20100825_1422243297 julma_lkky_20100825_1642289831 julma_lkky_20100825_1845935213 julma_lkky_20100825_1972914272 julma_lkky_20100825_2027231950 julma_lkky_20100825_2068134122 julma_lkky_20100825_2089896441 JulmaOlkky_kuva (1) JulmaOlkky_kuva (2) JulmaOlkky_kuva (3) JulmaOlkky_kuva (4) JulmaOlkky_kuva (5) JulmaOlkky_kuva (6) JulmaOlkky_kuva (7) JulmaOlkky_kuva (8) JulmaOlkky_kuva (9) JulmaOlkky_kuva (10) JulmaOlkky_kuva (11) JulmaOlkky_kuva (12) JulmaOlkky_kuva (13) JulmaOlkky_MG_4091 (14)","og_url":"https:\/\/www.julmaolkky.fi\/en\/photos\/","og_site_name":"Julma \u00d6lkky - Suomen suurin kanjonij\u00e4rvi","article_modified_time":"2025-05-22T10:18:53+00:00","og_image":[{"url":"http:\/\/www.julmaolkky.fi\/wp-content\/uploads\/2022\/04\/Hossa_tunnus.png","type":"","width":"","height":""}],"twitter_card":"summary_large_image","schema":{"@context":"https:\/\/schema.org","@graph":[{"@type":"WebPage","@id":"https:\/\/www.julmaolkky.fi\/en\/photos\/","url":"https:\/\/www.julmaolkky.fi\/en\/photos\/","name":"Photos - Julma \u00d6lkky - Suomen suurin kanjonij\u00e4rvi","isPartOf":{"@id":"https:\/\/www.julmaolkky.fi\/en\/#website"},"primaryImageOfPage":{"@id":"https:\/\/www.julmaolkky.fi\/en\/photos\/#primaryimage"},"image":{"@id":"https:\/\/www.julmaolkky.fi\/en\/photos\/#primaryimage"},"thumbnailUrl":"http:\/\/www.julmaolkky.fi\/wp-content\/uploads\/2022\/04\/Hossa_tunnus.png","datePublished":"2022-04-25T12:50:12+00:00","dateModified":"2025-05-22T10:18:53+00:00","breadcrumb":{"@id":"https:\/\/www.julmaolkky.fi\/en\/photos\/#breadcrumb"},"inLanguage":"en-US","potentialAction":[{"@type":"ReadAction","target":["https:\/\/www.julmaolkky.fi\/en\/photos\/"]}]},{"@type":"ImageObject","inLanguage":"en-US","@id":"https:\/\/www.julmaolkky.fi\/en\/photos\/#primaryimage","url":"http:\/\/www.julmaolkky.fi\/wp-content\/uploads\/2022\/04\/Hossa_tunnus.png","contentUrl":"http:\/\/www.julmaolkky.fi\/wp-content\/uploads\/2022\/04\/Hossa_tunnus.png"},{"@type":"BreadcrumbList","@id":"https:\/\/www.julmaolkky.fi\/en\/photos\/#breadcrumb","itemListElement":[{"@type":"ListItem","position":1,"name":"Etusivu","item":"https:\/\/www.julmaolkky.fi\/en\/"},{"@type":"ListItem","position":2,"name":"Photos"}]},{"@type":"WebSite","@id":"https:\/\/www.julmaolkky.fi\/en\/#website","url":"https:\/\/www.julmaolkky.fi\/en\/","name":"Julma \u00d6lkky - Suomen suurin kanjonij\u00e4rvi","description":"Hossan Kansallispuistossa","publisher":{"@id":"https:\/\/www.julmaolkky.fi\/en\/#organization"},"potentialAction":[{"@type":"SearchAction","target":{"@type":"EntryPoint","urlTemplate":"https:\/\/www.julmaolkky.fi\/en\/?s={search_term_string}"},"query-input":{"@type":"PropertyValueSpecification","valueRequired":true,"valueName":"search_term_string"}}],"inLanguage":"en-US"},{"@type":"Organization","@id":"https:\/\/www.julmaolkky.fi\/en\/#organization","name":"Julma \u00d6lkky","url":"https:\/\/www.julmaolkky.fi\/en\/","logo":{"@type":"ImageObject","inLanguage":"en-US","@id":"https:\/\/www.julmaolkky.fi\/en\/#\/schema\/logo\/image\/","url":"https:\/\/www.julmaolkky.fi\/wp-content\/uploads\/2025\/05\/julma_olkky_logo_some.jpg","contentUrl":"https:\/\/www.julmaolkky.fi\/wp-content\/uploads\/2025\/05\/julma_olkky_logo_some.jpg","width":696,"height":696,"caption":"Julma \u00d6lkky"},"image":{"@id":"https:\/\/www.julmaolkky.fi\/en\/#\/schema\/logo\/image\/"}}]}},"_links":{"self":[{"href":"https:\/\/www.julmaolkky.fi\/en\/wp-json\/wp\/v2\/pages\/358","targetHints":{"allow":["GET"]}}],"collection":[{"href":"https:\/\/www.julmaolkky.fi\/en\/wp-json\/wp\/v2\/pages"}],"about":[{"href":"https:\/\/www.julmaolkky.fi\/en\/wp-json\/wp\/v2\/types\/page"}],"author":[{"embeddable":true,"href":"https:\/\/www.julmaolkky.fi\/en\/wp-json\/wp\/v2\/users\/1"}],"replies":[{"embeddable":true,"href":"https:\/\/www.julmaolkky.fi\/en\/wp-json\/wp\/v2\/comments?post=358"}],"version-history":[{"count":3,"href":"https:\/\/www.julmaolkky.fi\/en\/wp-json\/wp\/v2\/pages\/358\/revisions"}],"predecessor-version":[{"id":780,"href":"https:\/\/www.julmaolkky.fi\/en\/wp-json\/wp\/v2\/pages\/358\/revisions\/780"}],"wp:attachment":[{"href":"https:\/\/www.julmaolkky.fi\/en\/wp-json\/wp\/v2\/media?parent=358"}],"curies":[{"name":"wp","href":"https:\/\/api.w.org\/{rel}","templated":true}]}}