{"id":360,"date":"2022-04-25T15:30:53","date_gmt":"2022-04-25T12:30:53","guid":{"rendered":"http:\/\/www.julmaolkky.fi\/kiosk\/"},"modified":"2022-04-26T13:54:00","modified_gmt":"2022-04-26T10:54:00","slug":"kiosk","status":"publish","type":"page","link":"https:\/\/www.julmaolkky.fi\/en\/kiosk\/","title":{"rendered":"Kiosk"},"content":{"rendered":"<h1>\n<header>\n<p>Kiosk<\/p>\n<\/header>\n<\/h1>\n<h3>Tickets for the boat trip, delicacies and snacks<\/h3>\n<div>\n<p>At Julma-\u00d6lkky, there is also a kiosk where we sell the following products, for example:<\/p>\n<ul>\n<li>Boat trip tickets<\/li>\n<li>Coffee and\u00a0Tea<\/li>\n<li>Buns<\/li>\n<li>Sodas<\/li>\n<li>Candy<\/li>\n<li>Ice-cream<\/li>\n<li>Bread rolls<\/li>\n<li>Souvenirs, e.g. magnets, T-shirts etc.<\/li>\n<li>Liquor license (having your own alcoholic drinks in the serving area is forbidden!)<\/li>\n<\/ul>\n<p>The fenced-off area at Julma-\u00d6lkky has tables and chairs for enjoying the kiosk products, as well as an undercover BBQ for grilling sausages, for example.<\/p>\n<\/div>\n<ul>\n<li>\n<p>        <img decoding=\"async\" src=\"\/wp-content\/uploads\/2022\/04\/julmaolkky-kioski2.jpg\" alt=\"\"><\/p>\n<h3>julmaolkky-kioski2<\/h3>\n<\/li>\n<li>\n<p>        <img decoding=\"async\" src=\"\/wp-content\/uploads\/2022\/04\/julmaolkky-kioski1.jpg\" alt=\"\"><\/p>\n<h3>julmaolkky-kioski1<\/h3>\n<\/li>\n<\/ul>\n<p><!--more--><br \/>\n<!-- {\"name\":\"m\\u00f6kkisivu\",\"type\":\"layout\",\"children\":[{\"type\":\"section\",\"props\":{\"style\":\"default\",\"width\":\"default\",\"vertical_align\":\"middle\",\"title_position\":\"top-left\",\"title_rotation\":\"left\",\"title_breakpoint\":\"xl\",\"image_position\":\"center-center\",\"image\":\"http:\\\/\\\/www.julmaolkky.fi\\\/wp-content\\\/uploads\\\/2022\\\/04\\\/julmaolkky-vene-jarvella.jpg\",\"image_size\":\"cover\",\"text_color\":\"light\",\"padding\":\"large\",\"height\":\"percent\"},\"children\":[{\"type\":\"row\",\"children\":[{\"type\":\"column\",\"props\":{\"position_sticky_breakpoint\":\"m\",\"image_position\":\"center-center\",\"media_overlay_gradient\":\"\"},\"children\":[{\"type\":\"headline\",\"props\":{\"title_element\":\"h1\",\"content\":\"\n\n<header>\\n\n\n<p>Kiosk<\\\/p>\\n<\\\/header>\",\"title_style\":\"heading-small\",\"maxwidth\":\"xlarge\",\"block_align_breakpoint\":\"m\",\"block_align_fallback\":\"center\",\"text_align\":\"left\",\"text_align_breakpoint\":\"m\",\"text_align_fallback\":\"center\"}},{\"type\":\"headline\",\"props\":{\"title_element\":\"h3\",\"content\":\"Tickets for the boat trip, delicacies and snacks\",\"title_style\":\"h3\",\"margin_remove_top\":true,\"text_align\":\"left\",\"text_align_breakpoint\":\"m\",\"text_align_fallback\":\"center\",\"maxwidth\":\"large\",\"block_align_breakpoint\":\"m\",\"block_align_fallback\":\"center\"}}]}]}]},{\"type\":\"section\",\"props\":{\"style\":\"default\",\"width\":\"default\",\"vertical_align\":\"middle\",\"title_position\":\"top-left\",\"title_rotation\":\"left\",\"title_breakpoint\":\"xl\",\"image_position\":\"center-center\"},\"children\":[{\"type\":\"row\",\"props\":{\"layout\":\"1-2,1-2\"},\"children\":[{\"type\":\"column\",\"props\":{\"position_sticky_breakpoint\":\"m\",\"image_position\":\"center-center\",\"media_overlay_gradient\":\"\",\"width_medium\":\"1-2\"},\"children\":[{\"type\":\"text\",\"props\":{\"margin\":\"default\",\"column_breakpoint\":\"m\",\"content\":\"\n\n<p>At Julma-\\u00d6lkky, there is also a kiosk where we sell the following products, for example:<\\\/p>\\n\n\n<ul>\\n\n\n<li>Boat trip tickets<\\\/li>\\n\n\n<li>Coffee and\\u00a0Tea<\\\/li>\\n\n\n<li>Buns<\\\/li>\\n\n\n<li>Sodas<\\\/li>\\n\n\n<li>Candy<\\\/li>\\n\n\n<li>Ice-cream<\\\/li>\\n\n\n<li>Bread rolls<\\\/li>\\n\n\n<li>Souvenirs, e.g. magnets, T-shirts etc.<\\\/li>\\n\n\n<li>Liquor license (having your own alcoholic drinks in the serving area is forbidden!)<\\\/li>\\n<\\\/ul>\\n\n\n<p>The fenced-off area at Julma-\\u00d6lkky has tables and chairs for enjoying the kiosk products, as well as an undercover BBQ for grilling sausages, for example.<\\\/p>\"}}]},{\"type\":\"column\",\"props\":{\"position_sticky_breakpoint\":\"m\",\"image_position\":\"center-center\",\"media_overlay_gradient\":\"\",\"width_medium\":\"1-2\"},\"children\":[{\"type\":\"panel\",\"props\":{\"link_text\":\"Read more\",\"title_hover_style\":\"reset\",\"title_element\":\"h3\",\"title_align\":\"top\",\"title_grid_width\":\"1-2\",\"title_grid_breakpoint\":\"m\",\"meta_style\":\"meta\",\"meta_align\":\"below-title\",\"meta_element\":\"div\",\"content_column_breakpoint\":\"m\",\"icon_width\":80,\"image_align\":\"top\",\"image_grid_width\":\"1-2\",\"image_grid_breakpoint\":\"m\",\"image_svg_color\":\"emphasis\",\"link_style\":\"default\",\"margin\":\"default\"},\"source\":{\"query\":{\"name\":\"posts.customPost\",\"arguments\":{\"terms\":[],\"category_operator\":\"IN\",\"post_tag_operator\":\"IN\",\"users\":[],\"users_operator\":\"IN\",\"offset\":0,\"order\":\"date\",\"order_direction\":\"DESC\",\"id\":356}},\"props\":{\"title\":{\"filters\":{\"search\":\"\"},\"name\":\"title\"},\"content\":{\"filters\":{\"search\":\"\"},\"arguments\":{\"show_intro_text\":true},\"name\":\"content\"}}},\"name\":\"avoinna\"},{\"type\":\"gallery\",\"props\":{\"show_title\":false,\"show_meta\":true,\"show_content\":true,\"show_link\":true,\"show_hover_image\":true,\"grid_default\":\"1\",\"grid_medium\":\"\",\"filter_style\":\"tab\",\"filter_all\":true,\"filter_position\":\"top\",\"filter_align\":\"left\",\"filter_grid_width\":\"auto\",\"filter_grid_breakpoint\":\"m\",\"overlay_mode\":\"cover\",\"overlay_hover\":true,\"overlay_style\":\"\",\"text_color\":\"light\",\"overlay_position\":\"center\",\"overlay_transition\":\"fade\",\"title_hover_style\":\"reset\",\"title_element\":\"h3\",\"meta_style\":\"meta\",\"meta_align\":\"below-title\",\"meta_element\":\"div\",\"link_text\":\"\",\"link_style\":\"link-text\",\"text_align\":\"center\",\"margin\":\"default\",\"item_animation\":true,\"grid_small\":\"2\",\"lightbox\":true,\"image_transition\":\"scale-up\",\"overlay_link\":true},\"children\":[{\"type\":\"gallery_item\",\"props\":{\"title\":\"julmaolkky-kioski2\",\"image\":\"wp-content\\\/uploads\\\/2022\\\/04\\\/julmaolkky-kioski2.jpg\"}},{\"type\":\"gallery_item\",\"props\":{\"title\":\"julmaolkky-kioski1\",\"image\":\"wp-content\\\/uploads\\\/2022\\\/04\\\/julmaolkky-kioski1.jpg\"}}]}]}]}]}],\"version\":\"2.7.21\"} --><\/p>\n","protected":false},"excerpt":{"rendered":"<p>Kiosk Tickets for the boat trip, delicacies and snacks At Julma-\u00d6lkky, there is also a kiosk where we sell the following products, for example: Boat trip tickets Coffee and\u00a0Tea Buns Sodas Candy Ice-cream Bread rolls Souvenirs, e.g. magnets, T-shirts etc. Liquor license (having your own alcoholic drinks in the serving area is forbidden!) The fenced-off [&hellip;]<\/p>\n","protected":false},"author":1,"featured_media":315,"parent":0,"menu_order":0,"comment_status":"closed","ping_status":"closed","template":"","meta":{"footnotes":""},"class_list":["post-360","page","type-page","status-publish","has-post-thumbnail","hentry"],"yoast_head":"<!-- This site is optimized with the Yoast SEO plugin v27.3 - https:\/\/yoast.com\/product\/yoast-seo-wordpress\/ -->\n<title>Kiosk - Julma \u00d6lkky - Suomen suurin kanjonij\u00e4rvi<\/title>\n<meta name=\"description\" content=\"The fenced-off area at Julma-\u00d6lkky has tables and chairs for enjoying the kiosk products, as well as an undercover BBQ for grilling sausages, for example.\" \/>\n<meta name=\"robots\" content=\"index, follow, max-snippet:-1, max-image-preview:large, max-video-preview:-1\" \/>\n<link rel=\"canonical\" href=\"https:\/\/www.julmaolkky.fi\/en\/kiosk\/\" \/>\n<meta property=\"og:locale\" content=\"en_US\" \/>\n<meta property=\"og:type\" content=\"article\" \/>\n<meta property=\"og:title\" content=\"Kiosk - Julma \u00d6lkky - Suomen suurin kanjonij\u00e4rvi\" \/>\n<meta property=\"og:description\" content=\"The fenced-off area at Julma-\u00d6lkky has tables and chairs for enjoying the kiosk products, as well as an undercover BBQ for grilling sausages, for example.\" \/>\n<meta property=\"og:url\" content=\"https:\/\/www.julmaolkky.fi\/en\/kiosk\/\" \/>\n<meta property=\"og:site_name\" content=\"Julma \u00d6lkky - Suomen suurin kanjonij\u00e4rvi\" \/>\n<meta property=\"article:modified_time\" content=\"2022-04-26T10:54:00+00:00\" \/>\n<meta property=\"og:image\" content=\"https:\/\/www.julmaolkky.fi\/wp-content\/uploads\/2022\/04\/julmaolkky-kioski2.jpg\" \/>\n\t<meta property=\"og:image:width\" content=\"1080\" \/>\n\t<meta property=\"og:image:height\" content=\"768\" \/>\n\t<meta property=\"og:image:type\" content=\"image\/jpeg\" \/>\n<meta name=\"twitter:card\" content=\"summary_large_image\" \/>\n<script type=\"application\/ld+json\" class=\"yoast-schema-graph\">{\"@context\":\"https:\\\/\\\/schema.org\",\"@graph\":[{\"@type\":\"WebPage\",\"@id\":\"https:\\\/\\\/www.julmaolkky.fi\\\/en\\\/kiosk\\\/\",\"url\":\"https:\\\/\\\/www.julmaolkky.fi\\\/en\\\/kiosk\\\/\",\"name\":\"Kiosk - Julma \u00d6lkky - Suomen suurin kanjonij\u00e4rvi\",\"isPartOf\":{\"@id\":\"https:\\\/\\\/www.julmaolkky.fi\\\/en\\\/#website\"},\"primaryImageOfPage\":{\"@id\":\"https:\\\/\\\/www.julmaolkky.fi\\\/en\\\/kiosk\\\/#primaryimage\"},\"image\":{\"@id\":\"https:\\\/\\\/www.julmaolkky.fi\\\/en\\\/kiosk\\\/#primaryimage\"},\"thumbnailUrl\":\"https:\\\/\\\/www.julmaolkky.fi\\\/wp-content\\\/uploads\\\/2022\\\/04\\\/julmaolkky-kioski2.jpg\",\"datePublished\":\"2022-04-25T12:30:53+00:00\",\"dateModified\":\"2022-04-26T10:54:00+00:00\",\"description\":\"The fenced-off area at Julma-\u00d6lkky has tables and chairs for enjoying the kiosk products, as well as an undercover BBQ for grilling sausages, for example.\",\"breadcrumb\":{\"@id\":\"https:\\\/\\\/www.julmaolkky.fi\\\/en\\\/kiosk\\\/#breadcrumb\"},\"inLanguage\":\"en-US\",\"potentialAction\":[{\"@type\":\"ReadAction\",\"target\":[\"https:\\\/\\\/www.julmaolkky.fi\\\/en\\\/kiosk\\\/\"]}]},{\"@type\":\"ImageObject\",\"inLanguage\":\"en-US\",\"@id\":\"https:\\\/\\\/www.julmaolkky.fi\\\/en\\\/kiosk\\\/#primaryimage\",\"url\":\"https:\\\/\\\/www.julmaolkky.fi\\\/wp-content\\\/uploads\\\/2022\\\/04\\\/julmaolkky-kioski2.jpg\",\"contentUrl\":\"https:\\\/\\\/www.julmaolkky.fi\\\/wp-content\\\/uploads\\\/2022\\\/04\\\/julmaolkky-kioski2.jpg\",\"width\":1080,\"height\":768},{\"@type\":\"BreadcrumbList\",\"@id\":\"https:\\\/\\\/www.julmaolkky.fi\\\/en\\\/kiosk\\\/#breadcrumb\",\"itemListElement\":[{\"@type\":\"ListItem\",\"position\":1,\"name\":\"Etusivu\",\"item\":\"https:\\\/\\\/www.julmaolkky.fi\\\/en\\\/\"},{\"@type\":\"ListItem\",\"position\":2,\"name\":\"Kiosk\"}]},{\"@type\":\"WebSite\",\"@id\":\"https:\\\/\\\/www.julmaolkky.fi\\\/en\\\/#website\",\"url\":\"https:\\\/\\\/www.julmaolkky.fi\\\/en\\\/\",\"name\":\"Julma \u00d6lkky - Suomen suurin kanjonij\u00e4rvi\",\"description\":\"Hossan Kansallispuistossa\",\"publisher\":{\"@id\":\"https:\\\/\\\/www.julmaolkky.fi\\\/en\\\/#organization\"},\"potentialAction\":[{\"@type\":\"SearchAction\",\"target\":{\"@type\":\"EntryPoint\",\"urlTemplate\":\"https:\\\/\\\/www.julmaolkky.fi\\\/en\\\/?s={search_term_string}\"},\"query-input\":{\"@type\":\"PropertyValueSpecification\",\"valueRequired\":true,\"valueName\":\"search_term_string\"}}],\"inLanguage\":\"en-US\"},{\"@type\":\"Organization\",\"@id\":\"https:\\\/\\\/www.julmaolkky.fi\\\/en\\\/#organization\",\"name\":\"Julma \u00d6lkky\",\"url\":\"https:\\\/\\\/www.julmaolkky.fi\\\/en\\\/\",\"logo\":{\"@type\":\"ImageObject\",\"inLanguage\":\"en-US\",\"@id\":\"https:\\\/\\\/www.julmaolkky.fi\\\/en\\\/#\\\/schema\\\/logo\\\/image\\\/\",\"url\":\"https:\\\/\\\/www.julmaolkky.fi\\\/wp-content\\\/uploads\\\/2025\\\/05\\\/julma_olkky_logo_some.jpg\",\"contentUrl\":\"https:\\\/\\\/www.julmaolkky.fi\\\/wp-content\\\/uploads\\\/2025\\\/05\\\/julma_olkky_logo_some.jpg\",\"width\":696,\"height\":696,\"caption\":\"Julma \u00d6lkky\"},\"image\":{\"@id\":\"https:\\\/\\\/www.julmaolkky.fi\\\/en\\\/#\\\/schema\\\/logo\\\/image\\\/\"}}]}<\/script>\n<!-- \/ Yoast SEO plugin. -->","yoast_head_json":{"title":"Kiosk - Julma \u00d6lkky - Suomen suurin kanjonij\u00e4rvi","description":"The fenced-off area at Julma-\u00d6lkky has tables and chairs for enjoying the kiosk products, as well as an undercover BBQ for grilling sausages, for example.","robots":{"index":"index","follow":"follow","max-snippet":"max-snippet:-1","max-image-preview":"max-image-preview:large","max-video-preview":"max-video-preview:-1"},"canonical":"https:\/\/www.julmaolkky.fi\/en\/kiosk\/","og_locale":"en_US","og_type":"article","og_title":"Kiosk - Julma \u00d6lkky - Suomen suurin kanjonij\u00e4rvi","og_description":"The fenced-off area at Julma-\u00d6lkky has tables and chairs for enjoying the kiosk products, as well as an undercover BBQ for grilling sausages, for example.","og_url":"https:\/\/www.julmaolkky.fi\/en\/kiosk\/","og_site_name":"Julma \u00d6lkky - Suomen suurin kanjonij\u00e4rvi","article_modified_time":"2022-04-26T10:54:00+00:00","og_image":[{"width":1080,"height":768,"url":"https:\/\/www.julmaolkky.fi\/wp-content\/uploads\/2022\/04\/julmaolkky-kioski2.jpg","type":"image\/jpeg"}],"twitter_card":"summary_large_image","schema":{"@context":"https:\/\/schema.org","@graph":[{"@type":"WebPage","@id":"https:\/\/www.julmaolkky.fi\/en\/kiosk\/","url":"https:\/\/www.julmaolkky.fi\/en\/kiosk\/","name":"Kiosk - Julma \u00d6lkky - Suomen suurin kanjonij\u00e4rvi","isPartOf":{"@id":"https:\/\/www.julmaolkky.fi\/en\/#website"},"primaryImageOfPage":{"@id":"https:\/\/www.julmaolkky.fi\/en\/kiosk\/#primaryimage"},"image":{"@id":"https:\/\/www.julmaolkky.fi\/en\/kiosk\/#primaryimage"},"thumbnailUrl":"https:\/\/www.julmaolkky.fi\/wp-content\/uploads\/2022\/04\/julmaolkky-kioski2.jpg","datePublished":"2022-04-25T12:30:53+00:00","dateModified":"2022-04-26T10:54:00+00:00","description":"The fenced-off area at Julma-\u00d6lkky has tables and chairs for enjoying the kiosk products, as well as an undercover BBQ for grilling sausages, for example.","breadcrumb":{"@id":"https:\/\/www.julmaolkky.fi\/en\/kiosk\/#breadcrumb"},"inLanguage":"en-US","potentialAction":[{"@type":"ReadAction","target":["https:\/\/www.julmaolkky.fi\/en\/kiosk\/"]}]},{"@type":"ImageObject","inLanguage":"en-US","@id":"https:\/\/www.julmaolkky.fi\/en\/kiosk\/#primaryimage","url":"https:\/\/www.julmaolkky.fi\/wp-content\/uploads\/2022\/04\/julmaolkky-kioski2.jpg","contentUrl":"https:\/\/www.julmaolkky.fi\/wp-content\/uploads\/2022\/04\/julmaolkky-kioski2.jpg","width":1080,"height":768},{"@type":"BreadcrumbList","@id":"https:\/\/www.julmaolkky.fi\/en\/kiosk\/#breadcrumb","itemListElement":[{"@type":"ListItem","position":1,"name":"Etusivu","item":"https:\/\/www.julmaolkky.fi\/en\/"},{"@type":"ListItem","position":2,"name":"Kiosk"}]},{"@type":"WebSite","@id":"https:\/\/www.julmaolkky.fi\/en\/#website","url":"https:\/\/www.julmaolkky.fi\/en\/","name":"Julma \u00d6lkky - Suomen suurin kanjonij\u00e4rvi","description":"Hossan Kansallispuistossa","publisher":{"@id":"https:\/\/www.julmaolkky.fi\/en\/#organization"},"potentialAction":[{"@type":"SearchAction","target":{"@type":"EntryPoint","urlTemplate":"https:\/\/www.julmaolkky.fi\/en\/?s={search_term_string}"},"query-input":{"@type":"PropertyValueSpecification","valueRequired":true,"valueName":"search_term_string"}}],"inLanguage":"en-US"},{"@type":"Organization","@id":"https:\/\/www.julmaolkky.fi\/en\/#organization","name":"Julma \u00d6lkky","url":"https:\/\/www.julmaolkky.fi\/en\/","logo":{"@type":"ImageObject","inLanguage":"en-US","@id":"https:\/\/www.julmaolkky.fi\/en\/#\/schema\/logo\/image\/","url":"https:\/\/www.julmaolkky.fi\/wp-content\/uploads\/2025\/05\/julma_olkky_logo_some.jpg","contentUrl":"https:\/\/www.julmaolkky.fi\/wp-content\/uploads\/2025\/05\/julma_olkky_logo_some.jpg","width":696,"height":696,"caption":"Julma \u00d6lkky"},"image":{"@id":"https:\/\/www.julmaolkky.fi\/en\/#\/schema\/logo\/image\/"}}]}},"_links":{"self":[{"href":"https:\/\/www.julmaolkky.fi\/en\/wp-json\/wp\/v2\/pages\/360","targetHints":{"allow":["GET"]}}],"collection":[{"href":"https:\/\/www.julmaolkky.fi\/en\/wp-json\/wp\/v2\/pages"}],"about":[{"href":"https:\/\/www.julmaolkky.fi\/en\/wp-json\/wp\/v2\/types\/page"}],"author":[{"embeddable":true,"href":"https:\/\/www.julmaolkky.fi\/en\/wp-json\/wp\/v2\/users\/1"}],"replies":[{"embeddable":true,"href":"https:\/\/www.julmaolkky.fi\/en\/wp-json\/wp\/v2\/comments?post=360"}],"version-history":[{"count":6,"href":"https:\/\/www.julmaolkky.fi\/en\/wp-json\/wp\/v2\/pages\/360\/revisions"}],"predecessor-version":[{"id":400,"href":"https:\/\/www.julmaolkky.fi\/en\/wp-json\/wp\/v2\/pages\/360\/revisions\/400"}],"wp:featuredmedia":[{"embeddable":true,"href":"https:\/\/www.julmaolkky.fi\/en\/wp-json\/wp\/v2\/media\/315"}],"wp:attachment":[{"href":"https:\/\/www.julmaolkky.fi\/en\/wp-json\/wp\/v2\/media?parent=360"}],"curies":[{"name":"wp","href":"https:\/\/api.w.org\/{rel}","templated":true}]}}